{"id":117,"date":"2012-02-23T13:35:22","date_gmt":"2012-02-23T13:35:22","guid":{"rendered":"http:\/\/www.felmis.ch\/de\/?page_id=117"},"modified":"2015-04-29T19:12:47","modified_gmt":"2015-04-29T19:12:47","slug":"freizeit","status":"publish","type":"page","link":"https:\/\/www.felmis.ch\/de\/freizeit\/","title":{"rendered":"Freizeit"},"content":{"rendered":"<h1><img fetchpriority=\"high\" decoding=\"async\" class=\"alignleft  wp-image-230\" style=\"margin-top: 0px; margin-right: 30px;\" title=\"Freizeit\" src=\"https:\/\/www.felmis.ch\/de\/wp-content\/uploads\/freizeit.jpg\" alt=\"\" width=\"220\" height=\"473\" srcset=\"https:\/\/www.felmis.ch\/de\/wp-content\/uploads\/freizeit.jpg 220w, https:\/\/www.felmis.ch\/de\/wp-content\/uploads\/freizeit-139x300.jpg 139w\" sizes=\"(max-width: 220px) 100vw, 220px\" \/>Ausflugsm\u00f6glichkeiten<\/h1>\n<p>Gleich beim Hotel befinden sich eine Minigolfanlage und ein Tennisclub.<br \/>\nEbenso in n\u00e4chster N\u00e4he ein Vitaparcours sowie viele sch\u00f6ne Wanderwege mit einmaligen Aussichten auf die Berg- und Seelandschaft. Geniessen Sie die Zeit im Seebad, welches sich nur einige Minuten vom Hotel entfernt befindet.<\/p>\n<p>Sighseeing in Luzern:<br \/>\nBewundern Sie die Kapellbr\u00fccke, die Altstadt von Luzern mit ihren historischen Geb\u00e4uden.<br \/>\nVerweilen Sie im Gletschergarten und bestaunen Sie das bekannte L\u00f6wendenkmal.<br \/>\nDas Verkehrshaus der Schweiz bietet Ihnen viele interessante Eindr\u00fccke von der Vergangenheit bis zur Gegenwart des \u00f6ffentlichen Verkehrs sowie der Kommunikation.<\/p>\n<p>Bezwingen Sie die Bergwelt!<br \/>\nErleben Sie einen tollen Ausflug auf den Pilatus, das Stanserhorn, den Rigi oder B\u00fcrgenstock. Sei es mit der Bahn oder zu Fuss. Sie werden fasziniert sein von der Sch\u00f6nheit und der Aussicht, welche sich Ihnen bietet. All diese k\u00f6nnen vom Hotel in kurzer Zeit ereicht werden.<\/p>\n<p>Weiter Ausflugs- und Freizeitm\u00f6glichkeiten finden Sie unter den <a title=\"Links\" href=\"https:\/\/www.felmis.ch\/de\/links\">Links<\/a>.<\/p>\n","protected":false},"excerpt":{"rendered":"<p>Ausflugsm\u00f6glichkeiten Gleich beim Hotel befinden sich eine Minigolfanlage und ein Tennisclub. Ebenso in n\u00e4chster N\u00e4he ein Vitaparcours sowie viele sch\u00f6ne Wanderwege mit [&hellip;]<\/p>\n","protected":false},"author":2,"featured_media":0,"parent":0,"menu_order":50,"comment_status":"closed","ping_status":"closed","template":"","meta":{"footnotes":""},"class_list":["post-117","page","type-page","status-publish","hentry"],"yoast_head":"<!-- This site is optimized with the Yoast SEO plugin v27.3 - https:\/\/yoast.com\/product\/yoast-seo-wordpress\/ -->\n<title>Ausflugsm\u00f6glichkeiten in der Freizeit - Hotel Felmis Luzern<\/title>\n<meta name=\"description\" content=\"Bei uns stehen Ihnen viele Ausflugsm\u00f6glichkeiten zur Verf\u00fcgung. Das Hotel Felmis in Horw bei Luzern ist zentral gelegen. Freizeit mit Minigolf und Tennis\" \/>\n<meta name=\"robots\" content=\"index, follow, max-snippet:-1, max-image-preview:large, max-video-preview:-1\" \/>\n<link rel=\"canonical\" href=\"https:\/\/www.felmis.ch\/de\/freizeit\/\" \/>\n<meta property=\"og:locale\" content=\"de_DE\" \/>\n<meta property=\"og:type\" content=\"article\" \/>\n<meta property=\"og:title\" content=\"Ausflugsm\u00f6glichkeiten in der Freizeit - Hotel Felmis Luzern\" \/>\n<meta property=\"og:description\" content=\"Bei uns stehen Ihnen viele Ausflugsm\u00f6glichkeiten zur Verf\u00fcgung. Das Hotel Felmis in Horw bei Luzern ist zentral gelegen. Freizeit mit Minigolf und Tennis\" \/>\n<meta property=\"og:url\" content=\"https:\/\/www.felmis.ch\/de\/freizeit\/\" \/>\n<meta property=\"og:site_name\" content=\"Hotel Felmis\" \/>\n<meta property=\"article:publisher\" content=\"http:\/\/www.facebook.com\/hotel.felmis\" \/>\n<meta property=\"article:modified_time\" content=\"2015-04-29T19:12:47+00:00\" \/>\n<meta property=\"og:image\" content=\"https:\/\/www.felmis.ch\/de\/wp-content\/uploads\/freizeit.jpg\" \/>\n<meta name=\"twitter:card\" content=\"summary_large_image\" \/>\n<meta name=\"twitter:label1\" content=\"Gesch\u00e4tzte Lesezeit\" \/>\n\t<meta name=\"twitter:data1\" content=\"1\u00a0Minute\" \/>\n<script type=\"application\/ld+json\" class=\"yoast-schema-graph\">{\"@context\":\"https:\\\/\\\/schema.org\",\"@graph\":[{\"@type\":\"WebPage\",\"@id\":\"https:\\\/\\\/www.felmis.ch\\\/de\\\/freizeit\\\/\",\"url\":\"https:\\\/\\\/www.felmis.ch\\\/de\\\/freizeit\\\/\",\"name\":\"Ausflugsm\u00f6glichkeiten in der Freizeit - Hotel Felmis Luzern\",\"isPartOf\":{\"@id\":\"https:\\\/\\\/www.felmis.ch\\\/de\\\/#website\"},\"primaryImageOfPage\":{\"@id\":\"https:\\\/\\\/www.felmis.ch\\\/de\\\/freizeit\\\/#primaryimage\"},\"image\":{\"@id\":\"https:\\\/\\\/www.felmis.ch\\\/de\\\/freizeit\\\/#primaryimage\"},\"thumbnailUrl\":\"https:\\\/\\\/www.felmis.ch\\\/de\\\/wp-content\\\/uploads\\\/freizeit.jpg\",\"datePublished\":\"2012-02-23T13:35:22+00:00\",\"dateModified\":\"2015-04-29T19:12:47+00:00\",\"description\":\"Bei uns stehen Ihnen viele Ausflugsm\u00f6glichkeiten zur Verf\u00fcgung. Das Hotel Felmis in Horw bei Luzern ist zentral gelegen. Freizeit mit Minigolf und Tennis\",\"breadcrumb\":{\"@id\":\"https:\\\/\\\/www.felmis.ch\\\/de\\\/freizeit\\\/#breadcrumb\"},\"inLanguage\":\"de\",\"potentialAction\":[{\"@type\":\"ReadAction\",\"target\":[\"https:\\\/\\\/www.felmis.ch\\\/de\\\/freizeit\\\/\"]}]},{\"@type\":\"ImageObject\",\"inLanguage\":\"de\",\"@id\":\"https:\\\/\\\/www.felmis.ch\\\/de\\\/freizeit\\\/#primaryimage\",\"url\":\"https:\\\/\\\/www.felmis.ch\\\/de\\\/wp-content\\\/uploads\\\/freizeit.jpg\",\"contentUrl\":\"https:\\\/\\\/www.felmis.ch\\\/de\\\/wp-content\\\/uploads\\\/freizeit.jpg\",\"width\":\"220\",\"height\":\"473\"},{\"@type\":\"BreadcrumbList\",\"@id\":\"https:\\\/\\\/www.felmis.ch\\\/de\\\/freizeit\\\/#breadcrumb\",\"itemListElement\":[{\"@type\":\"ListItem\",\"position\":1,\"name\":\"Home\",\"item\":\"https:\\\/\\\/www.felmis.ch\\\/de\\\/\"},{\"@type\":\"ListItem\",\"position\":2,\"name\":\"Freizeit\"}]},{\"@type\":\"WebSite\",\"@id\":\"https:\\\/\\\/www.felmis.ch\\\/de\\\/#website\",\"url\":\"https:\\\/\\\/www.felmis.ch\\\/de\\\/\",\"name\":\"Hotel Felmis\",\"description\":\"Willkommen im Hotel Felmis\",\"potentialAction\":[{\"@type\":\"SearchAction\",\"target\":{\"@type\":\"EntryPoint\",\"urlTemplate\":\"https:\\\/\\\/www.felmis.ch\\\/de\\\/?s={search_term_string}\"},\"query-input\":{\"@type\":\"PropertyValueSpecification\",\"valueRequired\":true,\"valueName\":\"search_term_string\"}}],\"inLanguage\":\"de\"}]}<\/script>\n<!-- \/ Yoast SEO plugin. -->","yoast_head_json":{"title":"Ausflugsm\u00f6glichkeiten in der Freizeit - Hotel Felmis Luzern","description":"Bei uns stehen Ihnen viele Ausflugsm\u00f6glichkeiten zur Verf\u00fcgung. Das Hotel Felmis in Horw bei Luzern ist zentral gelegen. Freizeit mit Minigolf und Tennis","robots":{"index":"index","follow":"follow","max-snippet":"max-snippet:-1","max-image-preview":"max-image-preview:large","max-video-preview":"max-video-preview:-1"},"canonical":"https:\/\/www.felmis.ch\/de\/freizeit\/","og_locale":"de_DE","og_type":"article","og_title":"Ausflugsm\u00f6glichkeiten in der Freizeit - Hotel Felmis Luzern","og_description":"Bei uns stehen Ihnen viele Ausflugsm\u00f6glichkeiten zur Verf\u00fcgung. Das Hotel Felmis in Horw bei Luzern ist zentral gelegen. Freizeit mit Minigolf und Tennis","og_url":"https:\/\/www.felmis.ch\/de\/freizeit\/","og_site_name":"Hotel Felmis","article_publisher":"http:\/\/www.facebook.com\/hotel.felmis","article_modified_time":"2015-04-29T19:12:47+00:00","og_image":[{"url":"https:\/\/www.felmis.ch\/de\/wp-content\/uploads\/freizeit.jpg","type":"","width":"","height":""}],"twitter_card":"summary_large_image","twitter_misc":{"Gesch\u00e4tzte Lesezeit":"1\u00a0Minute"},"schema":{"@context":"https:\/\/schema.org","@graph":[{"@type":"WebPage","@id":"https:\/\/www.felmis.ch\/de\/freizeit\/","url":"https:\/\/www.felmis.ch\/de\/freizeit\/","name":"Ausflugsm\u00f6glichkeiten in der Freizeit - Hotel Felmis Luzern","isPartOf":{"@id":"https:\/\/www.felmis.ch\/de\/#website"},"primaryImageOfPage":{"@id":"https:\/\/www.felmis.ch\/de\/freizeit\/#primaryimage"},"image":{"@id":"https:\/\/www.felmis.ch\/de\/freizeit\/#primaryimage"},"thumbnailUrl":"https:\/\/www.felmis.ch\/de\/wp-content\/uploads\/freizeit.jpg","datePublished":"2012-02-23T13:35:22+00:00","dateModified":"2015-04-29T19:12:47+00:00","description":"Bei uns stehen Ihnen viele Ausflugsm\u00f6glichkeiten zur Verf\u00fcgung. Das Hotel Felmis in Horw bei Luzern ist zentral gelegen. Freizeit mit Minigolf und Tennis","breadcrumb":{"@id":"https:\/\/www.felmis.ch\/de\/freizeit\/#breadcrumb"},"inLanguage":"de","potentialAction":[{"@type":"ReadAction","target":["https:\/\/www.felmis.ch\/de\/freizeit\/"]}]},{"@type":"ImageObject","inLanguage":"de","@id":"https:\/\/www.felmis.ch\/de\/freizeit\/#primaryimage","url":"https:\/\/www.felmis.ch\/de\/wp-content\/uploads\/freizeit.jpg","contentUrl":"https:\/\/www.felmis.ch\/de\/wp-content\/uploads\/freizeit.jpg","width":"220","height":"473"},{"@type":"BreadcrumbList","@id":"https:\/\/www.felmis.ch\/de\/freizeit\/#breadcrumb","itemListElement":[{"@type":"ListItem","position":1,"name":"Home","item":"https:\/\/www.felmis.ch\/de\/"},{"@type":"ListItem","position":2,"name":"Freizeit"}]},{"@type":"WebSite","@id":"https:\/\/www.felmis.ch\/de\/#website","url":"https:\/\/www.felmis.ch\/de\/","name":"Hotel Felmis","description":"Willkommen im Hotel Felmis","potentialAction":[{"@type":"SearchAction","target":{"@type":"EntryPoint","urlTemplate":"https:\/\/www.felmis.ch\/de\/?s={search_term_string}"},"query-input":{"@type":"PropertyValueSpecification","valueRequired":true,"valueName":"search_term_string"}}],"inLanguage":"de"}]}},"_links":{"self":[{"href":"https:\/\/www.felmis.ch\/de\/wp-json\/wp\/v2\/pages\/117","targetHints":{"allow":["GET"]}}],"collection":[{"href":"https:\/\/www.felmis.ch\/de\/wp-json\/wp\/v2\/pages"}],"about":[{"href":"https:\/\/www.felmis.ch\/de\/wp-json\/wp\/v2\/types\/page"}],"author":[{"embeddable":true,"href":"https:\/\/www.felmis.ch\/de\/wp-json\/wp\/v2\/users\/2"}],"replies":[{"embeddable":true,"href":"https:\/\/www.felmis.ch\/de\/wp-json\/wp\/v2\/comments?post=117"}],"version-history":[{"count":0,"href":"https:\/\/www.felmis.ch\/de\/wp-json\/wp\/v2\/pages\/117\/revisions"}],"wp:attachment":[{"href":"https:\/\/www.felmis.ch\/de\/wp-json\/wp\/v2\/media?parent=117"}],"curies":[{"name":"wp","href":"https:\/\/api.w.org\/{rel}","templated":true}]}}