{"id":2133,"date":"2021-12-08T08:55:41","date_gmt":"2021-12-08T08:55:41","guid":{"rendered":"https:\/\/www.felmis.ch\/de\/?page_id=2133"},"modified":"2022-02-16T19:43:44","modified_gmt":"2022-02-16T19:43:44","slug":"covid","status":"publish","type":"page","link":"https:\/\/www.felmis.ch\/de\/covid\/","title":{"rendered":"COVID"},"content":{"rendered":"<h3>Die COVID-Beschr\u00e4nkungen wurden im Restaurant und Hotel per 17. Februar 2022 aufgehoben.<\/h3>\n<h3>Wir freuen uns, Sie wieder in der bekannten Normalit\u00e4t begr\u00fcssen zu d\u00fcrfen.<\/h3>\n<p>&nbsp;<\/p>\n<h3>Es ist kein Zertifikat mehr n\u00f6tig f\u00fcr die Konsumation im Felmis<\/h3>\n<p>&nbsp;<\/p>\n<p>&nbsp;<\/p>\n","protected":false},"excerpt":{"rendered":"<p>Die COVID-Beschr\u00e4nkungen wurden im Restaurant und Hotel per 17. Februar 2022 aufgehoben. Wir freuen uns, Sie wieder in der bekannten Normalit\u00e4t begr\u00fcssen [&hellip;]<\/p>\n","protected":false},"author":1,"featured_media":0,"parent":0,"menu_order":0,"comment_status":"closed","ping_status":"closed","template":"","meta":{"footnotes":""},"class_list":["post-2133","page","type-page","status-publish","hentry"],"yoast_head":"<!-- This site is optimized with the Yoast SEO plugin v27.3 - https:\/\/yoast.com\/product\/yoast-seo-wordpress\/ -->\n<title>COVID - Hotel Felmis<\/title>\n<meta name=\"robots\" content=\"index, follow, max-snippet:-1, max-image-preview:large, max-video-preview:-1\" \/>\n<link rel=\"canonical\" href=\"https:\/\/www.felmis.ch\/de\/covid\/\" \/>\n<meta property=\"og:locale\" content=\"de_DE\" \/>\n<meta property=\"og:type\" content=\"article\" \/>\n<meta property=\"og:title\" content=\"COVID - Hotel Felmis\" \/>\n<meta property=\"og:description\" content=\"Die COVID-Beschr\u00e4nkungen wurden im Restaurant und Hotel per 17. Februar 2022 aufgehoben. Wir freuen uns, Sie wieder in der bekannten Normalit\u00e4t begr\u00fcssen [&hellip;]\" \/>\n<meta property=\"og:url\" content=\"https:\/\/www.felmis.ch\/de\/covid\/\" \/>\n<meta property=\"og:site_name\" content=\"Hotel Felmis\" \/>\n<meta property=\"article:publisher\" content=\"http:\/\/www.facebook.com\/hotel.felmis\" \/>\n<meta property=\"article:modified_time\" content=\"2022-02-16T19:43:44+00:00\" \/>\n<meta name=\"twitter:card\" content=\"summary_large_image\" \/>\n<script type=\"application\/ld+json\" class=\"yoast-schema-graph\">{\"@context\":\"https:\\\/\\\/schema.org\",\"@graph\":[{\"@type\":\"WebPage\",\"@id\":\"https:\\\/\\\/www.felmis.ch\\\/de\\\/covid\\\/\",\"url\":\"https:\\\/\\\/www.felmis.ch\\\/de\\\/covid\\\/\",\"name\":\"COVID - Hotel Felmis\",\"isPartOf\":{\"@id\":\"https:\\\/\\\/www.felmis.ch\\\/de\\\/#website\"},\"datePublished\":\"2021-12-08T08:55:41+00:00\",\"dateModified\":\"2022-02-16T19:43:44+00:00\",\"breadcrumb\":{\"@id\":\"https:\\\/\\\/www.felmis.ch\\\/de\\\/covid\\\/#breadcrumb\"},\"inLanguage\":\"de\",\"potentialAction\":[{\"@type\":\"ReadAction\",\"target\":[\"https:\\\/\\\/www.felmis.ch\\\/de\\\/covid\\\/\"]}]},{\"@type\":\"BreadcrumbList\",\"@id\":\"https:\\\/\\\/www.felmis.ch\\\/de\\\/covid\\\/#breadcrumb\",\"itemListElement\":[{\"@type\":\"ListItem\",\"position\":1,\"name\":\"Home\",\"item\":\"https:\\\/\\\/www.felmis.ch\\\/de\\\/\"},{\"@type\":\"ListItem\",\"position\":2,\"name\":\"COVID\"}]},{\"@type\":\"WebSite\",\"@id\":\"https:\\\/\\\/www.felmis.ch\\\/de\\\/#website\",\"url\":\"https:\\\/\\\/www.felmis.ch\\\/de\\\/\",\"name\":\"Hotel Felmis\",\"description\":\"Willkommen im Hotel Felmis\",\"potentialAction\":[{\"@type\":\"SearchAction\",\"target\":{\"@type\":\"EntryPoint\",\"urlTemplate\":\"https:\\\/\\\/www.felmis.ch\\\/de\\\/?s={search_term_string}\"},\"query-input\":{\"@type\":\"PropertyValueSpecification\",\"valueRequired\":true,\"valueName\":\"search_term_string\"}}],\"inLanguage\":\"de\"}]}<\/script>\n<!-- \/ Yoast SEO plugin. -->","yoast_head_json":{"title":"COVID - Hotel Felmis","robots":{"index":"index","follow":"follow","max-snippet":"max-snippet:-1","max-image-preview":"max-image-preview:large","max-video-preview":"max-video-preview:-1"},"canonical":"https:\/\/www.felmis.ch\/de\/covid\/","og_locale":"de_DE","og_type":"article","og_title":"COVID - Hotel Felmis","og_description":"Die COVID-Beschr\u00e4nkungen wurden im Restaurant und Hotel per 17. Februar 2022 aufgehoben. Wir freuen uns, Sie wieder in der bekannten Normalit\u00e4t begr\u00fcssen [&hellip;]","og_url":"https:\/\/www.felmis.ch\/de\/covid\/","og_site_name":"Hotel Felmis","article_publisher":"http:\/\/www.facebook.com\/hotel.felmis","article_modified_time":"2022-02-16T19:43:44+00:00","twitter_card":"summary_large_image","schema":{"@context":"https:\/\/schema.org","@graph":[{"@type":"WebPage","@id":"https:\/\/www.felmis.ch\/de\/covid\/","url":"https:\/\/www.felmis.ch\/de\/covid\/","name":"COVID - Hotel Felmis","isPartOf":{"@id":"https:\/\/www.felmis.ch\/de\/#website"},"datePublished":"2021-12-08T08:55:41+00:00","dateModified":"2022-02-16T19:43:44+00:00","breadcrumb":{"@id":"https:\/\/www.felmis.ch\/de\/covid\/#breadcrumb"},"inLanguage":"de","potentialAction":[{"@type":"ReadAction","target":["https:\/\/www.felmis.ch\/de\/covid\/"]}]},{"@type":"BreadcrumbList","@id":"https:\/\/www.felmis.ch\/de\/covid\/#breadcrumb","itemListElement":[{"@type":"ListItem","position":1,"name":"Home","item":"https:\/\/www.felmis.ch\/de\/"},{"@type":"ListItem","position":2,"name":"COVID"}]},{"@type":"WebSite","@id":"https:\/\/www.felmis.ch\/de\/#website","url":"https:\/\/www.felmis.ch\/de\/","name":"Hotel Felmis","description":"Willkommen im Hotel Felmis","potentialAction":[{"@type":"SearchAction","target":{"@type":"EntryPoint","urlTemplate":"https:\/\/www.felmis.ch\/de\/?s={search_term_string}"},"query-input":{"@type":"PropertyValueSpecification","valueRequired":true,"valueName":"search_term_string"}}],"inLanguage":"de"}]}},"_links":{"self":[{"href":"https:\/\/www.felmis.ch\/de\/wp-json\/wp\/v2\/pages\/2133","targetHints":{"allow":["GET"]}}],"collection":[{"href":"https:\/\/www.felmis.ch\/de\/wp-json\/wp\/v2\/pages"}],"about":[{"href":"https:\/\/www.felmis.ch\/de\/wp-json\/wp\/v2\/types\/page"}],"author":[{"embeddable":true,"href":"https:\/\/www.felmis.ch\/de\/wp-json\/wp\/v2\/users\/1"}],"replies":[{"embeddable":true,"href":"https:\/\/www.felmis.ch\/de\/wp-json\/wp\/v2\/comments?post=2133"}],"version-history":[{"count":0,"href":"https:\/\/www.felmis.ch\/de\/wp-json\/wp\/v2\/pages\/2133\/revisions"}],"wp:attachment":[{"href":"https:\/\/www.felmis.ch\/de\/wp-json\/wp\/v2\/media?parent=2133"}],"curies":[{"name":"wp","href":"https:\/\/api.w.org\/{rel}","templated":true}]}}