{"id":767,"date":"2015-04-28T17:26:02","date_gmt":"2015-04-28T17:26:02","guid":{"rendered":"http:\/\/www.felmis.ch\/de\/?page_id=767"},"modified":"2025-07-25T07:13:44","modified_gmt":"2025-07-25T07:13:44","slug":"hotel-with-air-condition","status":"publish","type":"page","link":"https:\/\/www.felmis.ch\/de\/hotel-with-air-condition\/","title":{"rendered":"Einzelzimmer"},"content":{"rendered":"<h2>Ankommen, wohlf\u00fchlen, erholen<\/h2>\n<p>&nbsp;<\/p>\n<p>&nbsp;<\/p>\n<p>Gr\u00fcezi<\/p>\n<p>All unsere Einzelzimmer sind mit Badezimmer ausgestattet. Hier finden Sie eine tolle Dusche, WC, Haartrockner und Badutensilien.<br \/>\nAlles was Sie f\u00fcr ihren Aufenthalt ben\u00f6tigen.<\/p>\n<p>Die 2016 neu installierte <strong>Klimaanlage<\/strong> garantiert Ihnen angenehme Temperatur f\u00fcr einen erholsamen Schlaf, auch bei heissen Sommern\u00e4chten.<\/p>\n<p>Weiter k\u00f6nnen Sie gratis via WLAN aufs Internet zugreifen oder mit dem Zimmertelefon die Daheimgebliebenen gr\u00fcssen.<\/p>\n<p>Der Flach-TV bietet Programme in verschiedenen Sprachen an und im Zimmersafe k\u00f6nnen Sie ihre Wertsachen sicher aufbewahren.<\/p>\n<p>Finden Sie heraus, was unsere G\u00e4ste \u00fcber das Hotel Felmis denken. Gehen Sie zu den <a title=\"Guest Reviews\" href=\"https:\/\/www.felmis.ch\/de\/guest-reviews\" target=\"_blank\" rel=\"noopener noreferrer\">Guest Reviews<\/a>.<\/p>\n<p>&nbsp;<\/p>\n<p><strong>Jahrespreis pro Nacht<\/strong><\/p>\n<p>Einzelzimmer Sfr. 140.00 &#8211; Sfr. 150.00<\/p>\n<p>&nbsp;<\/p>\n<p>Buchen Sie direkt beim Hotel, Sie bekommen immer den g\u00fcnstigsten Preis. Schauen Sie direkt bei unserem Online Booking f\u00fcr den aktuellen Tagespreis.<br \/>\nTempor\u00e4re Preis\u00e4nderungen bleiben vorbehalten<\/p>\n<p>&nbsp;<\/p>\n<p><strong>Zimmerausstattung in allen Zimmern<\/strong><\/p>\n<ul>\n<li><strong>Klimaanlage<\/strong><\/li>\n<li>Dusche<\/li>\n<li>WC<\/li>\n<li>Telefon<\/li>\n<li>Flach-TV<\/li>\n<li>Safe<\/li>\n<li>Haartrockner<\/li>\n<li>Sicherheitst\u00fcrschloss mit KeyCard<\/li>\n<li>Internetzugang via WLAN kostenlos<\/li>\n<li>Parkm\u00f6glichkeiten kostenlos<\/li>\n<\/ul>\n<p>&nbsp;<\/p>\n<div style=\"width: 1170px;\" class=\"wp-video\"><video class=\"wp-video-shortcode\" id=\"video-767-1\" width=\"1170\" height=\"658\" preload=\"metadata\" controls=\"controls\"><source type=\"video\/mp4\" src=\"https:\/\/www.felmis.ch\/de\/wp-content\/uploads\/Hotel-Restaurant-Felmis-Horw-Luzern_short.mp4?_=1\" \/><a href=\"https:\/\/www.felmis.ch\/de\/wp-content\/uploads\/Hotel-Restaurant-Felmis-Horw-Luzern_short.mp4\">https:\/\/www.felmis.ch\/de\/wp-content\/uploads\/Hotel-Restaurant-Felmis-Horw-Luzern_short.mp4<\/a><\/video><\/div>\n<p>Unterst\u00fctzen Sie unser familiengef\u00fchrtes Hotel im\u00a0weltweiten Online-Markt und buchen Sie Ihr Hotelzimmer direkt bei uns!<br \/>\nDas Hotel Felmis in Horw bei Luzern sichert Ihnen jederzeit\u00a0den g\u00fcnstigsten, verf\u00fcgbaren Preis bei direkter Buchung auf unserer Webseite zu.<\/p>\n<p>Sollten Sie eine g\u00fcnstigere Rate finden, als auf unserer Webseite,\u00a0kann dies folgende Gr\u00fcnde haben:<\/p>\n<ul>\n<li>auf einem anderen Buchungskanal ist noch eine g\u00fcnstigere Zimmerkategorie verf\u00fcgbar. Tour Operators kaufen von uns unbewusst Kontingente ein und vertreiben diese unter dem offiziellen Preis.<\/li>\n<li>auf einem anderen Buchungskanal ist eine noch g\u00fcnstigere Zimmerrate verf\u00fcgbar (beispielsweise\u00a0nicht stornierbare Rate)<\/li>\n<\/ul>\n<p>Direktbuchungen ersparen uns Kommissionskosten. Als Dank gew\u00e4hren wir\u00a0Ihnen nach M\u00f6glichkeit als erster ein Upgrade!<\/p>\n<p>Haben Sie einen g\u00fcnstigeren Preis gefunden (\u00f6ffentlich erh\u00e4ltlich, gleiche Buchungsbedingungen und Annullationskosten etc.), so teilen Sie uns dies per Mail an hotel@felmis.ch mit und wir gew\u00e4hren Ihnen den gleichen Preis zu gleichen Konditionen.<\/p>\n<p>&nbsp;<\/p>\n<p>&nbsp;<\/p>\n<p>&nbsp;<\/p>\n<div id='gallery-1' class='gallery galleryid-767 gallery-columns-4 gallery-size-thumbnail'><figure class='gallery-item'>\n\t\t\t<div class='gallery-icon landscape'>\n\t\t\t\t<a href='https:\/\/www.felmis.ch\/de\/wp-content\/uploads\/klimaanlagen_service_piktogramm.jpg' title=\"\" data-rl_title=\"\" class=\"rl-gallery-link\" data-rl_caption=\"\" data-rel=\"lightbox-gallery-1\"><img decoding=\"async\" width=\"120\" height=\"120\" src=\"https:\/\/www.felmis.ch\/de\/wp-content\/uploads\/klimaanlagen_service_piktogramm.jpg\" class=\"attachment-thumbnail size-thumbnail\" alt=\"\" aria-describedby=\"gallery-1-988\" \/><\/a>\n\t\t\t<\/div>\n\t\t\t\t<figcaption class='wp-caption-text gallery-caption' id='gallery-1-988'>\n\t\t\t\tAir conditioning Klimaanlage\n\t\t\t\t<\/figcaption><\/figure><figure class='gallery-item'>\n\t\t\t<div class='gallery-icon landscape'>\n\t\t\t\t<a href='https:\/\/www.felmis.ch\/de\/wp-content\/uploads\/Einzelzimmer.jpg' title=\"\" data-rl_title=\"\" class=\"rl-gallery-link\" data-rl_caption=\"\" data-rel=\"lightbox-gallery-1\"><img decoding=\"async\" width=\"150\" height=\"150\" src=\"https:\/\/www.felmis.ch\/de\/wp-content\/uploads\/Einzelzimmer-150x150.jpg\" class=\"attachment-thumbnail size-thumbnail\" alt=\"Einzelzimmer Front\" \/><\/a>\n\t\t\t<\/div><\/figure><figure class='gallery-item'>\n\t\t\t<div class='gallery-icon landscape'>\n\t\t\t\t<a href='https:\/\/www.felmis.ch\/de\/wp-content\/uploads\/zimmer04.jpg' title=\"\" data-rl_title=\"\" class=\"rl-gallery-link\" data-rl_caption=\"\" data-rel=\"lightbox-gallery-1\"><img decoding=\"async\" width=\"150\" height=\"150\" src=\"https:\/\/www.felmis.ch\/de\/wp-content\/uploads\/zimmer04-150x150.jpg\" class=\"attachment-thumbnail size-thumbnail\" alt=\"Einzelzimmer\" \/><\/a>\n\t\t\t<\/div><\/figure><figure class='gallery-item'>\n\t\t\t<div class='gallery-icon landscape'>\n\t\t\t\t<a href='https:\/\/www.felmis.ch\/de\/wp-content\/uploads\/Free-WIFI.jpg' title=\"\" data-rl_title=\"\" class=\"rl-gallery-link\" data-rl_caption=\"\" data-rel=\"lightbox-gallery-1\"><img loading=\"lazy\" decoding=\"async\" width=\"150\" height=\"150\" src=\"https:\/\/www.felmis.ch\/de\/wp-content\/uploads\/Free-WIFI-150x150.jpg\" class=\"attachment-thumbnail size-thumbnail\" alt=\"Gratis WLAN\" aria-describedby=\"gallery-1-637\" srcset=\"https:\/\/www.felmis.ch\/de\/wp-content\/uploads\/Free-WIFI-150x150.jpg 150w, https:\/\/www.felmis.ch\/de\/wp-content\/uploads\/Free-WIFI.jpg 225w\" sizes=\"(max-width: 150px) 100vw, 150px\" \/><\/a>\n\t\t\t<\/div>\n\t\t\t\t<figcaption class='wp-caption-text gallery-caption' id='gallery-1-637'>\n\t\t\t\tFree Wifi WLAN\n\t\t\t\t<\/figcaption><\/figure>\n\t\t<\/div>\n\n","protected":false},"excerpt":{"rendered":"<p>Ankommen, wohlf\u00fchlen, erholen &nbsp; &nbsp; Gr\u00fcezi All unsere Einzelzimmer sind mit Badezimmer ausgestattet. Hier finden Sie eine tolle Dusche, WC, Haartrockner und [&hellip;]<\/p>\n","protected":false},"author":1,"featured_media":847,"parent":0,"menu_order":0,"comment_status":"closed","ping_status":"open","template":"","meta":{"footnotes":""},"class_list":["post-767","page","type-page","status-publish","has-post-thumbnail","hentry"],"yoast_head":"<!-- This site is optimized with the Yoast SEO plugin v27.3 - https:\/\/yoast.com\/product\/yoast-seo-wordpress\/ -->\n<title>Einzelzimmer mit Klimaanlage - Hotel Felmis in Horw bei Luzern<\/title>\n<meta name=\"description\" content=\"Erholung in unseren neu renovierten Einzelzimmer mit moderner Ausstattung und Klimaanlage. Moderne Dusche, WC, gratis WLAN, Telefon, Flat-TV, Haartrockner und Safe.\" \/>\n<meta name=\"robots\" content=\"index, follow, max-snippet:-1, max-image-preview:large, max-video-preview:-1\" \/>\n<link rel=\"canonical\" href=\"https:\/\/www.felmis.ch\/de\/hotel-with-air-condition\/\" \/>\n<meta property=\"og:locale\" content=\"de_DE\" \/>\n<meta property=\"og:type\" content=\"article\" \/>\n<meta property=\"og:title\" content=\"Einzelzimmer mit Klimaanlage - Hotel Felmis in Horw bei Luzern\" \/>\n<meta property=\"og:description\" content=\"Erholung in unseren neu renovierten Einzelzimmer mit moderner Ausstattung und Klimaanlage. Moderne Dusche, WC, gratis WLAN, Telefon, Flat-TV, Haartrockner und Safe.\" \/>\n<meta property=\"og:url\" content=\"https:\/\/www.felmis.ch\/de\/hotel-with-air-condition\/\" \/>\n<meta property=\"og:site_name\" content=\"Hotel Felmis\" \/>\n<meta property=\"article:publisher\" content=\"http:\/\/www.facebook.com\/hotel.felmis\" \/>\n<meta property=\"article:modified_time\" content=\"2025-07-25T07:13:44+00:00\" \/>\n<meta property=\"og:image\" content=\"https:\/\/www.felmis.ch\/de\/wp-content\/uploads\/Zimmer-Banner1.jpg\" \/>\n\t<meta property=\"og:image:width\" content=\"3543\" \/>\n\t<meta property=\"og:image:height\" content=\"507\" \/>\n\t<meta property=\"og:image:type\" content=\"image\/jpeg\" \/>\n<meta name=\"twitter:card\" content=\"summary_large_image\" \/>\n<meta name=\"twitter:label1\" content=\"Gesch\u00e4tzte Lesezeit\" \/>\n\t<meta name=\"twitter:data1\" content=\"2\u00a0Minuten\" \/>\n<script type=\"application\/ld+json\" class=\"yoast-schema-graph\">{\"@context\":\"https:\\\/\\\/schema.org\",\"@graph\":[{\"@type\":\"WebPage\",\"@id\":\"https:\\\/\\\/www.felmis.ch\\\/de\\\/hotel-with-air-condition\\\/\",\"url\":\"https:\\\/\\\/www.felmis.ch\\\/de\\\/hotel-with-air-condition\\\/\",\"name\":\"Einzelzimmer mit Klimaanlage - Hotel Felmis in Horw bei Luzern\",\"isPartOf\":{\"@id\":\"https:\\\/\\\/www.felmis.ch\\\/de\\\/#website\"},\"primaryImageOfPage\":{\"@id\":\"https:\\\/\\\/www.felmis.ch\\\/de\\\/hotel-with-air-condition\\\/#primaryimage\"},\"image\":{\"@id\":\"https:\\\/\\\/www.felmis.ch\\\/de\\\/hotel-with-air-condition\\\/#primaryimage\"},\"thumbnailUrl\":\"https:\\\/\\\/www.felmis.ch\\\/de\\\/wp-content\\\/uploads\\\/Zimmer-Banner1.jpg\",\"datePublished\":\"2015-04-28T17:26:02+00:00\",\"dateModified\":\"2025-07-25T07:13:44+00:00\",\"description\":\"Erholung in unseren neu renovierten Einzelzimmer mit moderner Ausstattung und Klimaanlage. Moderne Dusche, WC, gratis WLAN, Telefon, Flat-TV, Haartrockner und Safe.\",\"breadcrumb\":{\"@id\":\"https:\\\/\\\/www.felmis.ch\\\/de\\\/hotel-with-air-condition\\\/#breadcrumb\"},\"inLanguage\":\"de\",\"potentialAction\":[{\"@type\":\"ReadAction\",\"target\":[\"https:\\\/\\\/www.felmis.ch\\\/de\\\/hotel-with-air-condition\\\/\"]}]},{\"@type\":\"ImageObject\",\"inLanguage\":\"de\",\"@id\":\"https:\\\/\\\/www.felmis.ch\\\/de\\\/hotel-with-air-condition\\\/#primaryimage\",\"url\":\"https:\\\/\\\/www.felmis.ch\\\/de\\\/wp-content\\\/uploads\\\/Zimmer-Banner1.jpg\",\"contentUrl\":\"https:\\\/\\\/www.felmis.ch\\\/de\\\/wp-content\\\/uploads\\\/Zimmer-Banner1.jpg\",\"width\":3543,\"height\":507},{\"@type\":\"BreadcrumbList\",\"@id\":\"https:\\\/\\\/www.felmis.ch\\\/de\\\/hotel-with-air-condition\\\/#breadcrumb\",\"itemListElement\":[{\"@type\":\"ListItem\",\"position\":1,\"name\":\"Home\",\"item\":\"https:\\\/\\\/www.felmis.ch\\\/de\\\/\"},{\"@type\":\"ListItem\",\"position\":2,\"name\":\"Einzelzimmer\"}]},{\"@type\":\"WebSite\",\"@id\":\"https:\\\/\\\/www.felmis.ch\\\/de\\\/#website\",\"url\":\"https:\\\/\\\/www.felmis.ch\\\/de\\\/\",\"name\":\"Hotel Felmis\",\"description\":\"Willkommen im Hotel Felmis\",\"potentialAction\":[{\"@type\":\"SearchAction\",\"target\":{\"@type\":\"EntryPoint\",\"urlTemplate\":\"https:\\\/\\\/www.felmis.ch\\\/de\\\/?s={search_term_string}\"},\"query-input\":{\"@type\":\"PropertyValueSpecification\",\"valueRequired\":true,\"valueName\":\"search_term_string\"}}],\"inLanguage\":\"de\"}]}<\/script>\n<!-- \/ Yoast SEO plugin. -->","yoast_head_json":{"title":"Einzelzimmer mit Klimaanlage - Hotel Felmis in Horw bei Luzern","description":"Erholung in unseren neu renovierten Einzelzimmer mit moderner Ausstattung und Klimaanlage. Moderne Dusche, WC, gratis WLAN, Telefon, Flat-TV, Haartrockner und Safe.","robots":{"index":"index","follow":"follow","max-snippet":"max-snippet:-1","max-image-preview":"max-image-preview:large","max-video-preview":"max-video-preview:-1"},"canonical":"https:\/\/www.felmis.ch\/de\/hotel-with-air-condition\/","og_locale":"de_DE","og_type":"article","og_title":"Einzelzimmer mit Klimaanlage - Hotel Felmis in Horw bei Luzern","og_description":"Erholung in unseren neu renovierten Einzelzimmer mit moderner Ausstattung und Klimaanlage. Moderne Dusche, WC, gratis WLAN, Telefon, Flat-TV, Haartrockner und Safe.","og_url":"https:\/\/www.felmis.ch\/de\/hotel-with-air-condition\/","og_site_name":"Hotel Felmis","article_publisher":"http:\/\/www.facebook.com\/hotel.felmis","article_modified_time":"2025-07-25T07:13:44+00:00","og_image":[{"width":3543,"height":507,"url":"https:\/\/www.felmis.ch\/de\/wp-content\/uploads\/Zimmer-Banner1.jpg","type":"image\/jpeg"}],"twitter_card":"summary_large_image","twitter_misc":{"Gesch\u00e4tzte Lesezeit":"2\u00a0Minuten"},"schema":{"@context":"https:\/\/schema.org","@graph":[{"@type":"WebPage","@id":"https:\/\/www.felmis.ch\/de\/hotel-with-air-condition\/","url":"https:\/\/www.felmis.ch\/de\/hotel-with-air-condition\/","name":"Einzelzimmer mit Klimaanlage - Hotel Felmis in Horw bei Luzern","isPartOf":{"@id":"https:\/\/www.felmis.ch\/de\/#website"},"primaryImageOfPage":{"@id":"https:\/\/www.felmis.ch\/de\/hotel-with-air-condition\/#primaryimage"},"image":{"@id":"https:\/\/www.felmis.ch\/de\/hotel-with-air-condition\/#primaryimage"},"thumbnailUrl":"https:\/\/www.felmis.ch\/de\/wp-content\/uploads\/Zimmer-Banner1.jpg","datePublished":"2015-04-28T17:26:02+00:00","dateModified":"2025-07-25T07:13:44+00:00","description":"Erholung in unseren neu renovierten Einzelzimmer mit moderner Ausstattung und Klimaanlage. Moderne Dusche, WC, gratis WLAN, Telefon, Flat-TV, Haartrockner und Safe.","breadcrumb":{"@id":"https:\/\/www.felmis.ch\/de\/hotel-with-air-condition\/#breadcrumb"},"inLanguage":"de","potentialAction":[{"@type":"ReadAction","target":["https:\/\/www.felmis.ch\/de\/hotel-with-air-condition\/"]}]},{"@type":"ImageObject","inLanguage":"de","@id":"https:\/\/www.felmis.ch\/de\/hotel-with-air-condition\/#primaryimage","url":"https:\/\/www.felmis.ch\/de\/wp-content\/uploads\/Zimmer-Banner1.jpg","contentUrl":"https:\/\/www.felmis.ch\/de\/wp-content\/uploads\/Zimmer-Banner1.jpg","width":3543,"height":507},{"@type":"BreadcrumbList","@id":"https:\/\/www.felmis.ch\/de\/hotel-with-air-condition\/#breadcrumb","itemListElement":[{"@type":"ListItem","position":1,"name":"Home","item":"https:\/\/www.felmis.ch\/de\/"},{"@type":"ListItem","position":2,"name":"Einzelzimmer"}]},{"@type":"WebSite","@id":"https:\/\/www.felmis.ch\/de\/#website","url":"https:\/\/www.felmis.ch\/de\/","name":"Hotel Felmis","description":"Willkommen im Hotel Felmis","potentialAction":[{"@type":"SearchAction","target":{"@type":"EntryPoint","urlTemplate":"https:\/\/www.felmis.ch\/de\/?s={search_term_string}"},"query-input":{"@type":"PropertyValueSpecification","valueRequired":true,"valueName":"search_term_string"}}],"inLanguage":"de"}]}},"_links":{"self":[{"href":"https:\/\/www.felmis.ch\/de\/wp-json\/wp\/v2\/pages\/767","targetHints":{"allow":["GET"]}}],"collection":[{"href":"https:\/\/www.felmis.ch\/de\/wp-json\/wp\/v2\/pages"}],"about":[{"href":"https:\/\/www.felmis.ch\/de\/wp-json\/wp\/v2\/types\/page"}],"author":[{"embeddable":true,"href":"https:\/\/www.felmis.ch\/de\/wp-json\/wp\/v2\/users\/1"}],"replies":[{"embeddable":true,"href":"https:\/\/www.felmis.ch\/de\/wp-json\/wp\/v2\/comments?post=767"}],"version-history":[{"count":2,"href":"https:\/\/www.felmis.ch\/de\/wp-json\/wp\/v2\/pages\/767\/revisions"}],"predecessor-version":[{"id":2911,"href":"https:\/\/www.felmis.ch\/de\/wp-json\/wp\/v2\/pages\/767\/revisions\/2911"}],"wp:featuredmedia":[{"embeddable":true,"href":"https:\/\/www.felmis.ch\/de\/wp-json\/wp\/v2\/media\/847"}],"wp:attachment":[{"href":"https:\/\/www.felmis.ch\/de\/wp-json\/wp\/v2\/media?parent=767"}],"curies":[{"name":"wp","href":"https:\/\/api.w.org\/{rel}","templated":true}]}}