{"id":97,"date":"2012-02-23T13:02:33","date_gmt":"2012-02-23T13:02:33","guid":{"rendered":"http:\/\/www.felmis.ch\/de\/?page_id=97"},"modified":"2024-03-13T14:20:32","modified_gmt":"2024-03-13T14:20:32","slug":"restaurant","status":"publish","type":"page","link":"https:\/\/www.felmis.ch\/de\/restaurant\/","title":{"rendered":"Restaurant"},"content":{"rendered":"<p>.<\/p>\n<h3 style=\"text-align: center;\"><a href=\"https:\/\/www.lunchgate.ch\/restaurant\/hotel-felmis\/\" target=\"_blank\" rel=\"noopener noreferrer\">Hier geht&#8217;s zum <strong>Tagesmenu <\/strong>und zur<strong> Tischreservation.<\/strong><\/a><\/h3>\n<p style=\"text-align: center;\"><img decoding=\"async\" class=\"wp-image-2468 alignnone\" src=\"https:\/\/www.felmis.ch\/de\/wp-content\/uploads\/Rollstuhl-Logo.png\" alt=\"\" width=\"100\" height=\"100\" srcset=\"https:\/\/www.felmis.ch\/de\/wp-content\/uploads\/Rollstuhl-Logo.png 238w, https:\/\/www.felmis.ch\/de\/wp-content\/uploads\/Rollstuhl-Logo-150x150.png 150w, https:\/\/www.felmis.ch\/de\/wp-content\/uploads\/Rollstuhl-Logo-230x230.png 230w\" sizes=\"(max-width: 100px) 100vw, 100px\" \/>\u00a0 \u00a0 \u00a0Unsere Zug\u00e4nglichkeit f\u00fcr Rollstuhlfahrer finden Sie <a href=\"https:\/\/www.ginto.guide\/entries\/75d7f773-1d11-4f5a-b577-69dbf9d6faeb?lnk_src=business\" target=\"_blank\" rel=\"noopener\">hier<\/a>\u00a0 \u00a0 \u00a0 \u00a0<img decoding=\"async\" class=\"wp-image-2469 alignnone\" src=\"https:\/\/www.felmis.ch\/de\/wp-content\/uploads\/OK-GO-150x150-1.jpg\" alt=\"\" width=\"100\" height=\"100\" \/><\/p>\n<p>&nbsp;<\/p>\n<p>Unsere gutb\u00fcrgerliche K\u00fcche verw\u00f6hnt Sie in unserem Restaurant mit preisg\u00fcnstigen Tellergerichten sowie gepflegten \u00e0 la carte-Gerichten.<br \/>\nEbenso pr\u00e4sentieren wir Ihnen saisonale Gerichte und Schweizer Spezialit\u00e4ten. Tischreservationen unter Tel <a href=\"tel:+41413491919\">041 349 1919<\/a><\/p>\n<ul>\n<li>Ausgezeichnete Lage mit gen\u00fcgend Gratisparkpl\u00e4tzen f\u00fcr unsere G\u00e4ste<\/li>\n<li>Begegnungsst\u00e4tte f\u00fcr jung und alt<\/li>\n<li>Nach dem Spazieren, zum Business-Lunch oder zum feinen Abendessen<\/li>\n<li>Pers\u00f6nliche Atmosph\u00e4re mit warmer Ausstrahlung: ein Team das f\u00fcr Sie sorgt<\/li>\n<li>Wellness f\u00fcr Ihren Gaumen: Genussvolle K\u00fcche mit saisonalen Spezialit\u00e4ten<\/li>\n<li>Auserlesene Weine aus aller Welt<\/li>\n<li>Grosse Auswahl an Flaschenweinen im Offenausschank<\/li>\n<li>Zwei grosse Gartenterrassen bis 110 Personen<\/li>\n<li>Geeignet f\u00fcr Familien- und Vereinsanl\u00e4sse<\/li>\n<li>1\/2 Portionen von den meisten Gerichten erh\u00e4ltlich<\/li>\n<\/ul>\n<p>Direktlinks zu unseren kulinarischen Angeboten:<\/p>\n<table style=\"width: 600px; height: 29px;\" border=\"5\" width=\"734\">\n<tbody>\n<tr>\n<td><a title=\"Speisekarte\" href=\"https:\/\/www.felmis.ch\/de\/pdf\/speisekarte.pdf\" target=\"_blank\" rel=\"noopener noreferrer\">Speisekarte<\/a><\/td>\n<td><a title=\"Mittagsmenu\" href=\"https:\/\/www.felmis.ch\/de\/mittagsmenu\" target=\"_blank\" rel=\"noopener noreferrer\">Mittagsmenu<\/a><\/td>\n<td>\u00a0\u00a0<a title=\"Weinkarte\" href=\"https:\/\/www.felmis.ch\/de\/pdf\/weinkarte.pdf\" target=\"_blank\" rel=\"noopener noreferrer\">Weinkarte<\/a><\/td>\n<td><a title=\"Menuvorschl\u00e4ge\" href=\"https:\/\/www.felmis.ch\/de\/pdf\/menuvorschlaege.pdf\" target=\"_blank\" rel=\"noopener noreferrer\">Bankettmenus<\/a><\/td>\n<td><a title=\"Cateringvorschl\u00e4ge\" href=\"https:\/\/www.felmis.ch\/de\/pdf\/cateringvorschlaege.pdf\" target=\"_blank\" rel=\"noopener noreferrer\">Cateringvorschl\u00e4ge<\/a><\/td>\n<\/tr>\n<\/tbody>\n<\/table>\n<p>&nbsp;<\/p>\n<table border=\"0\" width=\"550\" align=\"left\">\n<tbody>\n<tr>\n<td style=\"text-align: left;\" colspan=\"2\"><strong>Kapazit\u00e4ten:<\/strong><\/td>\n<\/tr>\n<tr>\n<td style=\"text-align: left;\" width=\"106\">Restaurant<\/td>\n<td style=\"text-align: left;\" width=\"431\">40 Personen<\/td>\n<\/tr>\n<tr>\n<td style=\"text-align: left;\">Speisesaal<\/td>\n<td style=\"text-align: left;\">50 Personen\u00a0 vergr\u00f6sserbar bis 100 Personen f\u00fcr Bankette<\/td>\n<\/tr>\n<tr>\n<td style=\"text-align: left;\">2 Terrassen<\/td>\n<td style=\"text-align: left;\">110 Personen<\/td>\n<\/tr>\n<tr>\n<td style=\"text-align: left;\">Hotelsaal<\/td>\n<td style=\"text-align: left;\">40 Personen<\/td>\n<\/tr>\n<\/tbody>\n<\/table>\n<p>&nbsp;<\/p>\n<table border=\"0\" width=\"550\">\n<tbody>\n<tr>\n<td style=\"text-align: left;\" colspan=\"2\"><strong>Restaurant \u00d6ffnungszeiten<\/strong><\/td>\n<\/tr>\n<tr>\n<td style=\"text-align: left;\"><a href=\"https:\/\/www.felmis.ch\/de\/oeffnungszeiten\">Dienstag bis Samstag. F\u00fcr genaue Zeiten bitte hier klicken<\/a><\/td>\n<td style=\"text-align: left;\">Sonntag und Montag Ruhetag<\/td>\n<\/tr>\n<tr>\n<td style=\"text-align: left;\">Fasnachtssonntag bis Palmsonntag, Sonntags auch ge\u00f6ffnet<\/td>\n<td style=\"text-align: left;\">Muttertag Mittag offen<\/td>\n<\/tr>\n<\/tbody>\n<\/table>\n<p>&nbsp;<\/p>\n<div id='gallery-1' class='gallery galleryid-97 gallery-columns-4 gallery-size-thumbnail'><figure class='gallery-item'>\n\t\t\t<div class='gallery-icon landscape'>\n\t\t\t\t<a href='https:\/\/www.felmis.ch\/de\/wp-content\/uploads\/086Q3274.jpg' title=\"\" data-rl_title=\"\" class=\"rl-gallery-link\" data-rl_caption=\"\" data-rel=\"lightbox-gallery-1\"><img decoding=\"async\" width=\"150\" height=\"150\" src=\"https:\/\/www.felmis.ch\/de\/wp-content\/uploads\/086Q3274-150x150.jpg\" class=\"attachment-thumbnail size-thumbnail\" alt=\"\" srcset=\"https:\/\/www.felmis.ch\/de\/wp-content\/uploads\/086Q3274-150x150.jpg 150w, https:\/\/www.felmis.ch\/de\/wp-content\/uploads\/086Q3274-300x300.jpg 300w, https:\/\/www.felmis.ch\/de\/wp-content\/uploads\/086Q3274-144x144.jpg 144w\" sizes=\"(max-width: 150px) 100vw, 150px\" \/><\/a>\n\t\t\t<\/div><\/figure><figure class='gallery-item'>\n\t\t\t<div class='gallery-icon landscape'>\n\t\t\t\t<a href='https:\/\/www.felmis.ch\/de\/wp-content\/uploads\/086Q3338.jpg' title=\"\" data-rl_title=\"\" class=\"rl-gallery-link\" data-rl_caption=\"\" data-rel=\"lightbox-gallery-1\"><img loading=\"lazy\" decoding=\"async\" width=\"150\" height=\"150\" src=\"https:\/\/www.felmis.ch\/de\/wp-content\/uploads\/086Q3338-150x150.jpg\" class=\"attachment-thumbnail size-thumbnail\" alt=\"\" srcset=\"https:\/\/www.felmis.ch\/de\/wp-content\/uploads\/086Q3338-150x150.jpg 150w, https:\/\/www.felmis.ch\/de\/wp-content\/uploads\/086Q3338-300x300.jpg 300w, https:\/\/www.felmis.ch\/de\/wp-content\/uploads\/086Q3338-144x144.jpg 144w\" sizes=\"(max-width: 150px) 100vw, 150px\" \/><\/a>\n\t\t\t<\/div><\/figure><figure class='gallery-item'>\n\t\t\t<div class='gallery-icon landscape'>\n\t\t\t\t<a href='https:\/\/www.felmis.ch\/de\/wp-content\/uploads\/086Q3444.jpg' title=\"\" data-rl_title=\"\" class=\"rl-gallery-link\" data-rl_caption=\"\" data-rel=\"lightbox-gallery-1\"><img loading=\"lazy\" decoding=\"async\" width=\"150\" height=\"150\" src=\"https:\/\/www.felmis.ch\/de\/wp-content\/uploads\/086Q3444-150x150.jpg\" class=\"attachment-thumbnail size-thumbnail\" alt=\"\" srcset=\"https:\/\/www.felmis.ch\/de\/wp-content\/uploads\/086Q3444-150x150.jpg 150w, https:\/\/www.felmis.ch\/de\/wp-content\/uploads\/086Q3444-300x300.jpg 300w, https:\/\/www.felmis.ch\/de\/wp-content\/uploads\/086Q3444-144x144.jpg 144w\" sizes=\"(max-width: 150px) 100vw, 150px\" \/><\/a>\n\t\t\t<\/div><\/figure><figure class='gallery-item'>\n\t\t\t<div class='gallery-icon landscape'>\n\t\t\t\t<a href='https:\/\/www.felmis.ch\/de\/wp-content\/uploads\/086Q3474.jpg' title=\"\" data-rl_title=\"\" class=\"rl-gallery-link\" data-rl_caption=\"\" data-rel=\"lightbox-gallery-1\"><img loading=\"lazy\" decoding=\"async\" width=\"150\" height=\"150\" src=\"https:\/\/www.felmis.ch\/de\/wp-content\/uploads\/086Q3474-150x150.jpg\" class=\"attachment-thumbnail size-thumbnail\" alt=\"\" srcset=\"https:\/\/www.felmis.ch\/de\/wp-content\/uploads\/086Q3474-150x150.jpg 150w, https:\/\/www.felmis.ch\/de\/wp-content\/uploads\/086Q3474-300x300.jpg 300w, https:\/\/www.felmis.ch\/de\/wp-content\/uploads\/086Q3474-144x144.jpg 144w\" sizes=\"(max-width: 150px) 100vw, 150px\" \/><\/a>\n\t\t\t<\/div><\/figure>\n\t\t<\/div>\n\n","protected":false},"excerpt":{"rendered":"<p>. Hier geht&#8217;s zum Tagesmenu und zur Tischreservation. \u00a0 \u00a0 \u00a0Unsere Zug\u00e4nglichkeit f\u00fcr Rollstuhlfahrer finden Sie hier\u00a0 \u00a0 \u00a0 \u00a0 &nbsp; Unsere [&hellip;]<\/p>\n","protected":false},"author":2,"featured_media":0,"parent":0,"menu_order":30,"comment_status":"closed","ping_status":"closed","template":"","meta":{"footnotes":""},"class_list":["post-97","page","type-page","status-publish","hentry"],"yoast_head":"<!-- This site is optimized with the Yoast SEO plugin v27.3 - https:\/\/yoast.com\/product\/yoast-seo-wordpress\/ -->\n<title>Restaurant - Hotel Felmis<\/title>\n<meta name=\"description\" content=\"Unsere K\u00fcche verw\u00f6hnt Sie beim Candlelight Dinner im Restaurant Felmis. Geniessen Sie einen feinen Rotwein aus unserem Weinkeller zum Essen\" \/>\n<meta name=\"robots\" content=\"index, follow, max-snippet:-1, max-image-preview:large, max-video-preview:-1\" \/>\n<link rel=\"canonical\" href=\"https:\/\/www.felmis.ch\/de\/restaurant\/\" \/>\n<meta property=\"og:locale\" content=\"de_DE\" \/>\n<meta property=\"og:type\" content=\"article\" \/>\n<meta property=\"og:title\" content=\"Restaurant - Hotel Felmis\" \/>\n<meta property=\"og:description\" content=\"Unsere K\u00fcche verw\u00f6hnt Sie beim Candlelight Dinner im Restaurant Felmis. Geniessen Sie einen feinen Rotwein aus unserem Weinkeller zum Essen\" \/>\n<meta property=\"og:url\" content=\"https:\/\/www.felmis.ch\/de\/restaurant\/\" \/>\n<meta property=\"og:site_name\" content=\"Hotel Felmis\" \/>\n<meta property=\"article:publisher\" content=\"http:\/\/www.facebook.com\/hotel.felmis\" \/>\n<meta property=\"article:modified_time\" content=\"2024-03-13T14:20:32+00:00\" \/>\n<meta property=\"og:image\" content=\"https:\/\/www.felmis.ch\/de\/wp-content\/uploads\/086Q3274-150x150.jpg\" \/>\n<meta name=\"twitter:card\" content=\"summary_large_image\" \/>\n<meta name=\"twitter:label1\" content=\"Gesch\u00e4tzte Lesezeit\" \/>\n\t<meta name=\"twitter:data1\" content=\"2\u00a0Minuten\" \/>\n<script type=\"application\/ld+json\" class=\"yoast-schema-graph\">{\"@context\":\"https:\\\/\\\/schema.org\",\"@graph\":[{\"@type\":\"WebPage\",\"@id\":\"https:\\\/\\\/www.felmis.ch\\\/de\\\/restaurant\\\/\",\"url\":\"https:\\\/\\\/www.felmis.ch\\\/de\\\/restaurant\\\/\",\"name\":\"Restaurant - Hotel Felmis\",\"isPartOf\":{\"@id\":\"https:\\\/\\\/www.felmis.ch\\\/de\\\/#website\"},\"primaryImageOfPage\":{\"@id\":\"https:\\\/\\\/www.felmis.ch\\\/de\\\/restaurant\\\/#primaryimage\"},\"image\":{\"@id\":\"https:\\\/\\\/www.felmis.ch\\\/de\\\/restaurant\\\/#primaryimage\"},\"thumbnailUrl\":\"https:\\\/\\\/www.felmis.ch\\\/de\\\/wp-content\\\/uploads\\\/Rollstuhl-Logo.png\",\"datePublished\":\"2012-02-23T13:02:33+00:00\",\"dateModified\":\"2024-03-13T14:20:32+00:00\",\"description\":\"Unsere K\u00fcche verw\u00f6hnt Sie beim Candlelight Dinner im Restaurant Felmis. Geniessen Sie einen feinen Rotwein aus unserem Weinkeller zum Essen\",\"breadcrumb\":{\"@id\":\"https:\\\/\\\/www.felmis.ch\\\/de\\\/restaurant\\\/#breadcrumb\"},\"inLanguage\":\"de\",\"potentialAction\":[{\"@type\":\"ReadAction\",\"target\":[\"https:\\\/\\\/www.felmis.ch\\\/de\\\/restaurant\\\/\"]}]},{\"@type\":\"ImageObject\",\"inLanguage\":\"de\",\"@id\":\"https:\\\/\\\/www.felmis.ch\\\/de\\\/restaurant\\\/#primaryimage\",\"url\":\"https:\\\/\\\/www.felmis.ch\\\/de\\\/wp-content\\\/uploads\\\/Rollstuhl-Logo.png\",\"contentUrl\":\"https:\\\/\\\/www.felmis.ch\\\/de\\\/wp-content\\\/uploads\\\/Rollstuhl-Logo.png\",\"width\":238,\"height\":238},{\"@type\":\"BreadcrumbList\",\"@id\":\"https:\\\/\\\/www.felmis.ch\\\/de\\\/restaurant\\\/#breadcrumb\",\"itemListElement\":[{\"@type\":\"ListItem\",\"position\":1,\"name\":\"Home\",\"item\":\"https:\\\/\\\/www.felmis.ch\\\/de\\\/\"},{\"@type\":\"ListItem\",\"position\":2,\"name\":\"Restaurant\"}]},{\"@type\":\"WebSite\",\"@id\":\"https:\\\/\\\/www.felmis.ch\\\/de\\\/#website\",\"url\":\"https:\\\/\\\/www.felmis.ch\\\/de\\\/\",\"name\":\"Hotel Felmis\",\"description\":\"Willkommen im Hotel Felmis\",\"potentialAction\":[{\"@type\":\"SearchAction\",\"target\":{\"@type\":\"EntryPoint\",\"urlTemplate\":\"https:\\\/\\\/www.felmis.ch\\\/de\\\/?s={search_term_string}\"},\"query-input\":{\"@type\":\"PropertyValueSpecification\",\"valueRequired\":true,\"valueName\":\"search_term_string\"}}],\"inLanguage\":\"de\"}]}<\/script>\n<!-- \/ Yoast SEO plugin. -->","yoast_head_json":{"title":"Restaurant - Hotel Felmis","description":"Unsere K\u00fcche verw\u00f6hnt Sie beim Candlelight Dinner im Restaurant Felmis. Geniessen Sie einen feinen Rotwein aus unserem Weinkeller zum Essen","robots":{"index":"index","follow":"follow","max-snippet":"max-snippet:-1","max-image-preview":"max-image-preview:large","max-video-preview":"max-video-preview:-1"},"canonical":"https:\/\/www.felmis.ch\/de\/restaurant\/","og_locale":"de_DE","og_type":"article","og_title":"Restaurant - Hotel Felmis","og_description":"Unsere K\u00fcche verw\u00f6hnt Sie beim Candlelight Dinner im Restaurant Felmis. Geniessen Sie einen feinen Rotwein aus unserem Weinkeller zum Essen","og_url":"https:\/\/www.felmis.ch\/de\/restaurant\/","og_site_name":"Hotel Felmis","article_publisher":"http:\/\/www.facebook.com\/hotel.felmis","article_modified_time":"2024-03-13T14:20:32+00:00","og_image":[{"url":"https:\/\/www.felmis.ch\/de\/wp-content\/uploads\/086Q3274-150x150.jpg","type":"","width":"","height":""}],"twitter_card":"summary_large_image","twitter_misc":{"Gesch\u00e4tzte Lesezeit":"2\u00a0Minuten"},"schema":{"@context":"https:\/\/schema.org","@graph":[{"@type":"WebPage","@id":"https:\/\/www.felmis.ch\/de\/restaurant\/","url":"https:\/\/www.felmis.ch\/de\/restaurant\/","name":"Restaurant - Hotel Felmis","isPartOf":{"@id":"https:\/\/www.felmis.ch\/de\/#website"},"primaryImageOfPage":{"@id":"https:\/\/www.felmis.ch\/de\/restaurant\/#primaryimage"},"image":{"@id":"https:\/\/www.felmis.ch\/de\/restaurant\/#primaryimage"},"thumbnailUrl":"https:\/\/www.felmis.ch\/de\/wp-content\/uploads\/Rollstuhl-Logo.png","datePublished":"2012-02-23T13:02:33+00:00","dateModified":"2024-03-13T14:20:32+00:00","description":"Unsere K\u00fcche verw\u00f6hnt Sie beim Candlelight Dinner im Restaurant Felmis. Geniessen Sie einen feinen Rotwein aus unserem Weinkeller zum Essen","breadcrumb":{"@id":"https:\/\/www.felmis.ch\/de\/restaurant\/#breadcrumb"},"inLanguage":"de","potentialAction":[{"@type":"ReadAction","target":["https:\/\/www.felmis.ch\/de\/restaurant\/"]}]},{"@type":"ImageObject","inLanguage":"de","@id":"https:\/\/www.felmis.ch\/de\/restaurant\/#primaryimage","url":"https:\/\/www.felmis.ch\/de\/wp-content\/uploads\/Rollstuhl-Logo.png","contentUrl":"https:\/\/www.felmis.ch\/de\/wp-content\/uploads\/Rollstuhl-Logo.png","width":238,"height":238},{"@type":"BreadcrumbList","@id":"https:\/\/www.felmis.ch\/de\/restaurant\/#breadcrumb","itemListElement":[{"@type":"ListItem","position":1,"name":"Home","item":"https:\/\/www.felmis.ch\/de\/"},{"@type":"ListItem","position":2,"name":"Restaurant"}]},{"@type":"WebSite","@id":"https:\/\/www.felmis.ch\/de\/#website","url":"https:\/\/www.felmis.ch\/de\/","name":"Hotel Felmis","description":"Willkommen im Hotel Felmis","potentialAction":[{"@type":"SearchAction","target":{"@type":"EntryPoint","urlTemplate":"https:\/\/www.felmis.ch\/de\/?s={search_term_string}"},"query-input":{"@type":"PropertyValueSpecification","valueRequired":true,"valueName":"search_term_string"}}],"inLanguage":"de"}]}},"_links":{"self":[{"href":"https:\/\/www.felmis.ch\/de\/wp-json\/wp\/v2\/pages\/97","targetHints":{"allow":["GET"]}}],"collection":[{"href":"https:\/\/www.felmis.ch\/de\/wp-json\/wp\/v2\/pages"}],"about":[{"href":"https:\/\/www.felmis.ch\/de\/wp-json\/wp\/v2\/types\/page"}],"author":[{"embeddable":true,"href":"https:\/\/www.felmis.ch\/de\/wp-json\/wp\/v2\/users\/2"}],"replies":[{"embeddable":true,"href":"https:\/\/www.felmis.ch\/de\/wp-json\/wp\/v2\/comments?post=97"}],"version-history":[{"count":0,"href":"https:\/\/www.felmis.ch\/de\/wp-json\/wp\/v2\/pages\/97\/revisions"}],"wp:attachment":[{"href":"https:\/\/www.felmis.ch\/de\/wp-json\/wp\/v2\/media?parent=97"}],"curies":[{"name":"wp","href":"https:\/\/api.w.org\/{rel}","templated":true}]}}